{"id":327,"date":"2024-10-20T17:14:14","date_gmt":"2024-10-20T17:14:14","guid":{"rendered":"https:\/\/saltroom.lv\/?page_id=327"},"modified":"2025-01-12T16:10:02","modified_gmt":"2025-01-12T16:10:02","slug":"homepage","status":"publish","type":"page","link":"https:\/\/saltroom.lv\/","title":{"rendered":"homepage"},"content":{"rendered":"\n<div style=\"height:17px\" aria-hidden=\"true\" class=\"wp-block-spacer\"><\/div>\n\n\n\n<div class=\"wp-block-cover is-light\"><span aria-hidden=\"true\" class=\"wp-block-cover__background has-background-dim\" style=\"background-color:white\"><\/span><video class=\"wp-block-cover__video-background intrinsic-ignore\" autoplay muted loop playsinline src=\"https:\/\/saltroom.lv\/wp-content\/uploads\/2024\/10\/VID-20241020-WA00232.mp4\" style=\"object-position:64% 100%\" data-object-fit=\"cover\" data-object-position=\"64% 100%\"><\/video><div class=\"wp-block-cover__inner-container is-layout-constrained wp-block-cover-is-layout-constrained\">\n\n<p class=\"has-text-align-center has-ast-global-color-5-color has-text-color has-link-color has-large-font-size wp-elements-855ae9611de6d7aed2a91c86a31190e3\" style=\"font-style:italic;font-weight:200\">The finest bath- and SPA products<\/p>\n\n<\/div><\/div>\n\n\n\n<div style=\"height:45px\" aria-hidden=\"true\" class=\"wp-block-spacer\"><\/div>\n\n\n<div data-block-name=\"woocommerce\/product-best-sellers\" data-rows=\"1\" class=\"wc-block-grid wp-block-product-best-sellers wc-block-product-best-sellers has-3-columns\"><ul class=\"wc-block-grid__products\"><li class=\"wc-block-grid__product\">\n\t\t\t\t<a href=\"https:\/\/saltroom.lv\/index.php\/product\/essential-oil-energy\/\" class=\"wc-block-grid__product-link\">\n\t\t\t\t\t<div class=\"wc-block-grid__product-image\"><img loading=\"lazy\" decoding=\"async\" width=\"300\" height=\"300\" src=\"https:\/\/saltroom.lv\/wp-content\/uploads\/2024\/12\/1-3-300x300.jpg\" class=\"attachment-woocommerce_thumbnail size-woocommerce_thumbnail\" alt=\"Essential Oil Energy\" srcset=\"https:\/\/saltroom.lv\/wp-content\/uploads\/2024\/12\/1-3-300x300.jpg 300w, https:\/\/saltroom.lv\/wp-content\/uploads\/2024\/12\/1-3-150x150.jpg 150w, https:\/\/saltroom.lv\/wp-content\/uploads\/2024\/12\/1-3-100x100.jpg 100w\" sizes=\"auto, (max-width: 300px) 100vw, 300px\" \/><\/div>\n\t\t\t\t\t<div class=\"wc-block-grid__product-title\">Essential Oil Energy<\/div>\n\t\t\t\t<\/a>\n\t\t\t\t\n\t\t\t\t<div class=\"wc-block-grid__product-price price\"><span class=\"woocommerce-Price-amount amount\">11.00&nbsp;<span class=\"woocommerce-Price-currencySymbol\">&euro;<\/span><\/span><\/div>\n\t\t\t\t\n\t\t\t\t<div class=\"wp-block-button wc-block-grid__product-add-to-cart\"><a href=\"?add-to-cart=447\" aria-label=\"Add &ldquo;Essential Oil Energy&rdquo; to your cart\" data-quantity=\"1\" data-product_id=\"447\" data-product_sku=\"\" rel=\"nofollow\" class=\"wp-block-button__link wp-element-button add_to_cart_button ajax_add_to_cart\">Add to cart<\/a><\/div>\n\t\t\t<\/li><li class=\"wc-block-grid__product\">\n\t\t\t\t<a href=\"https:\/\/saltroom.lv\/index.php\/product\/essential-oil-relaxing\/\" class=\"wc-block-grid__product-link\">\n\t\t\t\t\t<div class=\"wc-block-grid__product-image\"><img loading=\"lazy\" decoding=\"async\" width=\"300\" height=\"300\" src=\"https:\/\/saltroom.lv\/wp-content\/uploads\/2024\/12\/1-2-300x300.jpg\" class=\"attachment-woocommerce_thumbnail size-woocommerce_thumbnail\" alt=\"Essential Oil Relaxing\" srcset=\"https:\/\/saltroom.lv\/wp-content\/uploads\/2024\/12\/1-2-300x300.jpg 300w, https:\/\/saltroom.lv\/wp-content\/uploads\/2024\/12\/1-2-150x150.jpg 150w, https:\/\/saltroom.lv\/wp-content\/uploads\/2024\/12\/1-2-100x100.jpg 100w\" sizes=\"auto, (max-width: 300px) 100vw, 300px\" \/><\/div>\n\t\t\t\t\t<div class=\"wc-block-grid__product-title\">Essential Oil Relaxing<\/div>\n\t\t\t\t<\/a>\n\t\t\t\t\n\t\t\t\t<div class=\"wc-block-grid__product-price price\"><span class=\"woocommerce-Price-amount amount\">11.00&nbsp;<span class=\"woocommerce-Price-currencySymbol\">&euro;<\/span><\/span><\/div>\n\t\t\t\t\n\t\t\t\t<div class=\"wp-block-button wc-block-grid__product-add-to-cart\"><a href=\"?add-to-cart=445\" aria-label=\"Add &ldquo;Essential Oil Relaxing&rdquo; to your cart\" data-quantity=\"1\" data-product_id=\"445\" data-product_sku=\"\" rel=\"nofollow\" class=\"wp-block-button__link wp-element-button add_to_cart_button ajax_add_to_cart\">Add to cart<\/a><\/div>\n\t\t\t<\/li><li class=\"wc-block-grid__product\">\n\t\t\t\t<a href=\"https:\/\/saltroom.lv\/index.php\/product\/essential-oil-lemongrass\/\" class=\"wc-block-grid__product-link\">\n\t\t\t\t\t<div class=\"wc-block-grid__product-image\"><img loading=\"lazy\" decoding=\"async\" width=\"300\" height=\"300\" src=\"https:\/\/saltroom.lv\/wp-content\/uploads\/2024\/12\/1-1-300x300.jpg\" class=\"attachment-woocommerce_thumbnail size-woocommerce_thumbnail\" alt=\"Essential Oil Lemongrass\" srcset=\"https:\/\/saltroom.lv\/wp-content\/uploads\/2024\/12\/1-1-300x300.jpg 300w, https:\/\/saltroom.lv\/wp-content\/uploads\/2024\/12\/1-1-150x150.jpg 150w, https:\/\/saltroom.lv\/wp-content\/uploads\/2024\/12\/1-1-100x100.jpg 100w\" sizes=\"auto, (max-width: 300px) 100vw, 300px\" \/><\/div>\n\t\t\t\t\t<div class=\"wc-block-grid__product-title\">Essential Oil Lemongrass<\/div>\n\t\t\t\t<\/a>\n\t\t\t\t\n\t\t\t\t<div class=\"wc-block-grid__product-price price\"><span class=\"woocommerce-Price-amount amount\">11.00&nbsp;<span class=\"woocommerce-Price-currencySymbol\">&euro;<\/span><\/span><\/div>\n\t\t\t\t\n\t\t\t\t<div class=\"wp-block-button wc-block-grid__product-add-to-cart\"><a href=\"?add-to-cart=443\" aria-label=\"Add &ldquo;Essential Oil Lemongrass&rdquo; to your cart\" data-quantity=\"1\" data-product_id=\"443\" data-product_sku=\"\" rel=\"nofollow\" class=\"wp-block-button__link wp-element-button add_to_cart_button ajax_add_to_cart\">Add to cart<\/a><\/div>\n\t\t\t<\/li><\/ul><\/div>\n\n\n<div class=\"wp-block-media-text is-stacked-on-mobile is-vertically-aligned-top\" style=\"padding-top:var(--wp--preset--spacing--70);padding-bottom:var(--wp--preset--spacing--70);grid-template-columns:44% auto\"><figure class=\"wp-block-media-text__media\"><img loading=\"lazy\" decoding=\"async\" width=\"1000\" height=\"832\" src=\"https:\/\/saltroom.lv\/wp-content\/uploads\/2025\/01\/saltroom-sphere.png\" alt=\"\" class=\"wp-image-515 size-full\" srcset=\"https:\/\/saltroom.lv\/wp-content\/uploads\/2025\/01\/saltroom-sphere.png 1000w, https:\/\/saltroom.lv\/wp-content\/uploads\/2025\/01\/saltroom-sphere-300x250.png 300w, https:\/\/saltroom.lv\/wp-content\/uploads\/2025\/01\/saltroom-sphere-768x639.png 768w, https:\/\/saltroom.lv\/wp-content\/uploads\/2025\/01\/saltroom-sphere-600x499.png 600w\" sizes=\"auto, (max-width: 1000px) 100vw, 1000px\" \/><\/figure><div class=\"wp-block-media-text__content\">\n<p>M\u016bsu \u0137ermenis mums tiek dots viens uz visu m\u016bsu dz\u012bvi. R\u016bpes par to ir m\u016bsu atbild\u012bba.&nbsp;\u0160aj\u0101 ce\u013c\u0101 mums pal\u012bdz SPA , kas ir dzi\u013c\u0101 saikn\u0113 ar dabu un sniedz iesp\u0113ju atg\u016bt l\u012bdzsvaru un mieru.&nbsp;<\/p>\n\n\n\n<p>SPA ir v\u0101rdu sa\u012bsin\u0101jums zem kura sl\u0113pjas milz\u012bgas iesp\u0113jas r\u016bp\u0113m par sevi. Bie\u017ei vien m\u0113s dzirdam par SPA saloniem, SPA proced\u016br\u0101m, SPA pakalpojumiem, bet kas tie\u0161i ir SPA un k\u0101p\u0113c tas b\u016btu j\u0101iek\u013cauj m\u016bsu ikdien\u0101 &#8211; par to es v\u0113los past\u0101st\u012bt \u0161aj\u0101 m\u0101jaslap\u0101.<\/p>\n<\/div><\/div>\n\n\n\n<div class=\"wp-block-media-text has-media-on-the-right is-stacked-on-mobile is-vertically-aligned-center\" style=\"grid-template-columns:auto 37%\"><div class=\"wp-block-media-text__content\">\n<p>S\u0101ls ir viens no sp\u0113c\u012bg\u0101kajiem dabas d\u0101rgumiem, ko m\u0113s varam izmantot ne tikai, lai r\u016bp\u0113tos par sava \u0137erme\u0146a fizisko labsaj\u016btu, bet ar\u012b ener\u0123\u0113tisko l\u012bdzsvaru. Esmu p\u0101rliecin\u0101ta, ka tas ir ide\u0101ls pal\u012bgs ikvien\u0101 SPA proced\u016br\u0101.<\/p>\n<\/div><figure class=\"wp-block-media-text__media\"><img loading=\"lazy\" decoding=\"async\" width=\"600\" height=\"600\" src=\"https:\/\/saltroom.lv\/wp-content\/uploads\/2024\/12\/n-b.v.webp\" alt=\"\" class=\"wp-image-396 size-full\" srcset=\"https:\/\/saltroom.lv\/wp-content\/uploads\/2024\/12\/n-b.v.webp 600w, https:\/\/saltroom.lv\/wp-content\/uploads\/2024\/12\/n-b.v-300x300.webp 300w, https:\/\/saltroom.lv\/wp-content\/uploads\/2024\/12\/n-b.v-150x150.webp 150w, https:\/\/saltroom.lv\/wp-content\/uploads\/2024\/12\/n-b.v-100x100.webp 100w\" sizes=\"auto, (max-width: 600px) 100vw, 600px\" \/><\/figure><\/div>\n\n\n\n<div style=\"height:63px\" aria-hidden=\"true\" class=\"wp-block-spacer\"><\/div>\n\n\n\n<div class=\"wp-block-media-text is-stacked-on-mobile\" style=\"grid-template-columns:43% auto\"><figure class=\"wp-block-media-text__media\"><img loading=\"lazy\" decoding=\"async\" width=\"1024\" height=\"577\" src=\"https:\/\/saltroom.lv\/wp-content\/uploads\/2025\/01\/20231227_171225-1-1024x577.jpg\" alt=\"\" class=\"wp-image-467 size-full\" srcset=\"https:\/\/saltroom.lv\/wp-content\/uploads\/2025\/01\/20231227_171225-1-1024x577.jpg 1024w, https:\/\/saltroom.lv\/wp-content\/uploads\/2025\/01\/20231227_171225-1-300x169.jpg 300w, https:\/\/saltroom.lv\/wp-content\/uploads\/2025\/01\/20231227_171225-1-768x432.jpg 768w, https:\/\/saltroom.lv\/wp-content\/uploads\/2025\/01\/20231227_171225-1-1536x865.jpg 1536w, https:\/\/saltroom.lv\/wp-content\/uploads\/2025\/01\/20231227_171225-1-2048x1153.jpg 2048w, https:\/\/saltroom.lv\/wp-content\/uploads\/2025\/01\/20231227_171225-1-600x338.jpg 600w\" sizes=\"auto, (max-width: 1024px) 100vw, 1024px\" \/><\/figure><div class=\"wp-block-media-text__content\">\n<p><strong>K\u0101 es iepazinu Lemongrass house?<\/strong><\/p>\n\n\n\n<p>Vien\u0101 no ce\u013cojumiem Taizem\u0113 mans draugs mani aizveda uz Lemongrass house veikalu, zinot to, ka es esmu \u201caps\u0113sta\u201d ar SPA un visu kas ar to ir saist\u012bts. Pirmo reizi ieejot veikal\u0101, jau viss bija skaidrs \u2013 t\u0101 ir mana pasaule!<\/p>\n\n\n\n<p>\ud83d\udc49 <a href=\"https:\/\/saltroom.lv\/index.php\/my-introduction-with-lemongrass-house-products\/\">Las\u012bt vair\u0101k<\/a><\/p>\n<\/div><\/div>\n\n\n\n<div style=\"height:36px\" aria-hidden=\"true\" class=\"wp-block-spacer\"><\/div>\n\n\n\n<p><\/p>\n","protected":false},"excerpt":{"rendered":"<p>M\u016bsu \u0137ermenis mums tiek dots viens uz visu m\u016bsu dz\u012bvi. R\u016bpes par to ir m\u016bsu atbild\u012bba.&nbsp;\u0160aj\u0101 ce\u013c\u0101 mums pal\u012bdz SPA [&hellip;]<\/p>\n","protected":false},"author":1,"featured_media":0,"parent":0,"menu_order":0,"comment_status":"closed","ping_status":"closed","template":"","meta":{"site-sidebar-layout":"default","site-content-layout":"","ast-site-content-layout":"","site-content-style":"default","site-sidebar-style":"default","ast-global-header-display":"","ast-banner-title-visibility":"","ast-main-header-display":"","ast-hfb-above-header-display":"","ast-hfb-below-header-display":"","ast-hfb-mobile-header-display":"","site-post-title":"disabled","ast-breadcrumbs-content":"","ast-featured-img":"","footer-sml-layout":"","theme-transparent-header-meta":"","adv-header-id-meta":"","stick-header-meta":"","header-above-stick-meta":"","header-main-stick-meta":"","header-below-stick-meta":"","astra-migrate-meta-layouts":"default","ast-page-background-enabled":"default","ast-page-background-meta":{"desktop":{"background-color":"var(--ast-global-color-4)","background-image":"","background-repeat":"repeat","background-position":"center center","background-size":"auto","background-attachment":"scroll","background-type":"","background-media":"","overlay-type":"","overlay-color":"","overlay-opacity":"","overlay-gradient":""},"tablet":{"background-color":"","background-image":"","background-repeat":"repeat","background-position":"center center","background-size":"auto","background-attachment":"scroll","background-type":"","background-media":"","overlay-type":"","overlay-color":"","overlay-opacity":"","overlay-gradient":""},"mobile":{"background-color":"","background-image":"","background-repeat":"repeat","background-position":"center center","background-size":"auto","background-attachment":"scroll","background-type":"","background-media":"","overlay-type":"","overlay-color":"","overlay-opacity":"","overlay-gradient":""}},"ast-content-background-meta":{"desktop":{"background-color":"var(--ast-global-color-5)","background-image":"","background-repeat":"repeat","background-position":"center center","background-size":"auto","background-attachment":"scroll","background-type":"","background-media":"","overlay-type":"","overlay-color":"","overlay-opacity":"","overlay-gradient":""},"tablet":{"background-color":"var(--ast-global-color-5)","background-image":"","background-repeat":"repeat","background-position":"center center","background-size":"auto","background-attachment":"scroll","background-type":"","background-media":"","overlay-type":"","overlay-color":"","overlay-opacity":"","overlay-gradient":""},"mobile":{"background-color":"var(--ast-global-color-5)","background-image":"","background-repeat":"repeat","background-position":"center center","background-size":"auto","background-attachment":"scroll","background-type":"","background-media":"","overlay-type":"","overlay-color":"","overlay-opacity":"","overlay-gradient":""}},"footnotes":""},"class_list":["post-327","page","type-page","status-publish","hentry"],"_links":{"self":[{"href":"https:\/\/saltroom.lv\/index.php\/wp-json\/wp\/v2\/pages\/327","targetHints":{"allow":["GET"]}}],"collection":[{"href":"https:\/\/saltroom.lv\/index.php\/wp-json\/wp\/v2\/pages"}],"about":[{"href":"https:\/\/saltroom.lv\/index.php\/wp-json\/wp\/v2\/types\/page"}],"author":[{"embeddable":true,"href":"https:\/\/saltroom.lv\/index.php\/wp-json\/wp\/v2\/users\/1"}],"replies":[{"embeddable":true,"href":"https:\/\/saltroom.lv\/index.php\/wp-json\/wp\/v2\/comments?post=327"}],"version-history":[{"count":64,"href":"https:\/\/saltroom.lv\/index.php\/wp-json\/wp\/v2\/pages\/327\/revisions"}],"predecessor-version":[{"id":530,"href":"https:\/\/saltroom.lv\/index.php\/wp-json\/wp\/v2\/pages\/327\/revisions\/530"}],"wp:attachment":[{"href":"https:\/\/saltroom.lv\/index.php\/wp-json\/wp\/v2\/media?parent=327"}],"curies":[{"name":"wp","href":"https:\/\/api.w.org\/{rel}","templated":true}]}}