{"id":351,"date":"2024-10-20T17:38:38","date_gmt":"2024-10-20T17:38:38","guid":{"rendered":"https:\/\/saltroom.lv\/?page_id=351"},"modified":"2024-12-21T16:11:44","modified_gmt":"2024-12-21T16:11:44","slug":"rituals","status":"publish","type":"page","link":"https:\/\/saltroom.lv\/index.php\/rituals\/","title":{"rendered":"rituals"},"content":{"rendered":"\n<div class=\"wp-block-media-text is-stacked-on-mobile is-vertically-aligned-top\" style=\"grid-template-columns:38% auto\"><figure class=\"wp-block-media-text__media\"><img loading=\"lazy\" decoding=\"async\" width=\"768\" height=\"1024\" src=\"https:\/\/saltroom.lv\/wp-content\/uploads\/2024\/12\/WhatsApp-Image-2024-12-16-at-14.24.41-768x1024.jpeg\" alt=\"\" class=\"wp-image-413 size-full\" srcset=\"https:\/\/saltroom.lv\/wp-content\/uploads\/2024\/12\/WhatsApp-Image-2024-12-16-at-14.24.41-768x1024.jpeg 768w, https:\/\/saltroom.lv\/wp-content\/uploads\/2024\/12\/WhatsApp-Image-2024-12-16-at-14.24.41-225x300.jpeg 225w, https:\/\/saltroom.lv\/wp-content\/uploads\/2024\/12\/WhatsApp-Image-2024-12-16-at-14.24.41-1152x1536.jpeg 1152w, https:\/\/saltroom.lv\/wp-content\/uploads\/2024\/12\/WhatsApp-Image-2024-12-16-at-14.24.41-600x800.jpeg 600w, https:\/\/saltroom.lv\/wp-content\/uploads\/2024\/12\/WhatsApp-Image-2024-12-16-at-14.24.41.jpeg 1536w\" sizes=\"auto, (max-width: 768px) 100vw, 768px\" \/><\/figure><div class=\"wp-block-media-text__content\">\n<p><strong>M\u0101jas SPA ritu\u0101ls, kas ir univers\u0101ls un piem\u0113rots vis\u0101m sezon\u0101m.<\/strong><\/p>\n\n\n\n<p>\u0160\u012b vanna nodro\u0161ina \u0101das mitrin\u0101\u0161anu, baro\u0161anu un atjauno\u0161anu, pal\u012bdz mazin\u0101t iekaisumus un kairin\u0101jumus, uzlabo \u0101das tonusu un elast\u012bbu, att\u012bra \u0137ermeni, veicina relaks\u0101ciju un uzlabo asinsriti.<\/p>\n\n\n\n<p>Paties\u012bb\u0101 visus labumus, ko sniedz \u0161is vienk\u0101r\u0161ais ritu\u0101ls, nav iesp\u0113jams uzskait\u012bt. Katrs produkts, kas \u0161eit tiek min\u0113ts, ir ar tik bag\u0101t\u012bg\u0101m \u012bpa\u0161\u012bb\u0101m, ka beigu gal\u0101 m\u016bsu katra \u0137ermenis no visa pied\u0101v\u0101t\u0101 kl\u0101sta uz\u0146ems tie\u0161i vi\u0146am nepiecie\u0161am\u0101s vielas. M\u016bsu \u0137ermenis ir \u0101rk\u0101rt\u012bgi gudrs.<\/p>\n\n\n\n<p>Nepiecie\u0161amie produkti:<br>Sast\u0101vda\u013cas un to daudzumu dro\u0161i var piel\u0101got sav\u0101m v\u0113lm\u0113m. Lai izskat\u012btos skaist\u0101k un est\u0113tisk\u0101k visas sast\u0101vda\u013cas, iz\u0146emot s\u0101li, pieliek neilgi pirms do\u0161an\u0101s vann\u0101.<\/p>\n\n\n\n<p>Himalaju s\u0101ls: (1 gl\u0101ze) S\u0101li liekam pirmo, lai pasp\u0113j iz\u0161\u0137\u012bst, kam\u0113r vanna pild\u0101s ar \u016bdeni.<br>Piens: (1-2 gl\u0101zes) Pienu ieteicams ieliet vienu no p\u0113d\u0113jiem, kad \u016bdens jau salaists, lai nesaputoj\u0101s.<\/p>\n\n\n\n<p>Citrons: (1\/2-1 gab.) Sagrieztu \u0161\u0137\u0113l\u0113s pievienojam beig\u0101s, kad vanna piepild\u012bta.<br>Medus: (3-5 \u0113d.k.) Pa\u0161\u0101s beig\u0101s, un ja v\u0113las likt kl\u0101t v\u0113l k\u0101du sevis izv\u0113l\u0113tu \u0113terisko e\u013c\u013cu, tad dro\u0161i var samais\u012bt ar medu.<\/p>\n\n\n\n<p>Auzu p\u0101rslas: (1\/2-1 gl\u0101ze) Pievieno vienas no p\u0113d\u0113j\u0101m. Var ielikt vann\u0101 marles maisi\u0146\u0101 vai jau iepriek\u0161 uzbriedin\u0101tas karst\u0101 \u016bden\u012b.<\/p>\n\n\n\n<p>Kumel\u012btes: (3 \u0113d.k.) Uzl\u0113jumu sagatavo iepriek\u0161. Apm\u0113ram uz vienu litru \u016bdens \u0146em 3 \u0113damkarotes kalt\u0113tas kumel\u012btes, aplej ar verdo\u0161u \u016bdeni un \u013cauj ievilkties 10-15 min.<br>Vannas ilgums apm\u0113ram 20-30min.<\/p>\n\n\n\n<p>Vannas \u016bdens temperat\u016brai vajadz\u0113tu b\u016bt 37-39 \u00b0C, jo t\u0101 ir l\u012bdz\u012bga \u0137erme\u0146a dabiskajai temperat\u016brai. \u0160\u012b temperat\u016bra veicina relaks\u0101ciju, neizraisot p\u0101rm\u0113r\u012bgu slodzi sirdij. Uzlabo asinsriti un \u013cauj akt\u012bvaj\u0101m sast\u0101vda\u013c\u0101m- s\u0101lim, pienam, medum &#8211; viegl\u0101k uzs\u016bkties caur \u0101du. Ja \u016bdens b\u016bs p\u0101r\u0101k karsts, tas var rad\u012bt \u0101das sausumu.<\/p>\n<\/div><\/div>\n\n\n\n<div class=\"wp-block-media-text has-media-on-the-right is-stacked-on-mobile is-vertically-aligned-top\" style=\"grid-template-columns:auto 34%\"><div class=\"wp-block-media-text__content\">\n<p><br><strong>Pirms proced\u016bras:<br><\/strong><br>Radi vidi pirms atp\u016btas. Sagatavo visu, lai pr\u0101ts nav satraukts, ka nav kaut kas izdar\u012bts. Nosl\u0113dz durvis, izsl\u0113dz trauc\u0113jo\u0161os faktorus (t\u0101lrunis, TV)<\/p>\n\n\n\n<p>Pirms do\u0161an\u0101s vann\u0101, lai atp\u016bta g\u016btu maksim\u0101lo efektu, par\u016bp\u0113jies, lai visas piecas ma\u0146as &#8211; redze, dzirde, gar\u0161a, o\u017ea, tauste tiktu apmierin\u0101tas. Piem. vannu (izmantojot min\u0113t\u0101s sast\u0101vda\u013cas) sataisi vizu\u0101li skaistu, iededz sveces, fon\u0101 uzliec nomierino\u0161u, meditat\u012bvu m\u016bziku, papildus smar\u017eai pievieno k\u0101du \u0113terisko e\u013c\u013cu.<\/p>\n\n\n\n<p><br><strong>Proced\u016bras laik\u0101:<br><\/strong>Kam\u0113r baudi vannu, uz sejas un dekolt\u0113 var uzziest sejas masku: piens, medus un auzu p\u0101rslas. \u0160\u012b maska att\u012bra, baro, mitrina un nomierina \u0101du, pie\u0161\u0137irot tai vesel\u012bgu mirdzumu un maigumu.<br>T\u0101pat ar\u012b s\u0113\u017eot vann\u0101, dro\u0161i, var \u0146emt citrona \u0161\u0137\u0113les un ier\u012bv\u0113t \u0101du. \u012apa\u0161i p\u0113das, plaukstas, elko\u0146us.<br><br>S\u0113\u017eot vann\u0101, saj\u016bti tekst\u016bru pievienotaj\u0101m sast\u0101vda\u013c\u0101m.<br><\/p>\n<\/div><figure class=\"wp-block-media-text__media\"><img loading=\"lazy\" decoding=\"async\" width=\"768\" height=\"1024\" src=\"https:\/\/saltroom.lv\/wp-content\/uploads\/2024\/12\/WhatsApp-Image-2024-12-16-at-14.32.55-768x1024.jpeg\" alt=\"\" class=\"wp-image-412 size-full\" srcset=\"https:\/\/saltroom.lv\/wp-content\/uploads\/2024\/12\/WhatsApp-Image-2024-12-16-at-14.32.55-768x1024.jpeg 768w, https:\/\/saltroom.lv\/wp-content\/uploads\/2024\/12\/WhatsApp-Image-2024-12-16-at-14.32.55-225x300.jpeg 225w, https:\/\/saltroom.lv\/wp-content\/uploads\/2024\/12\/WhatsApp-Image-2024-12-16-at-14.32.55-1152x1536.jpeg 1152w, https:\/\/saltroom.lv\/wp-content\/uploads\/2024\/12\/WhatsApp-Image-2024-12-16-at-14.32.55-1536x2048.jpeg 1536w, https:\/\/saltroom.lv\/wp-content\/uploads\/2024\/12\/WhatsApp-Image-2024-12-16-at-14.32.55-600x800.jpeg 600w, https:\/\/saltroom.lv\/wp-content\/uploads\/2024\/12\/WhatsApp-Image-2024-12-16-at-14.32.55-scaled.jpeg 1920w\" sizes=\"auto, (max-width: 768px) 100vw, 768px\" \/><\/figure><\/div>\n\n\n\n<div style=\"height:65px\" aria-hidden=\"true\" class=\"wp-block-spacer\"><\/div>\n\n\n\n<div class=\"wp-block-media-text is-stacked-on-mobile is-vertically-aligned-top\" style=\"grid-template-columns:34% auto\"><figure class=\"wp-block-media-text__media\"><img loading=\"lazy\" decoding=\"async\" width=\"768\" height=\"1024\" src=\"https:\/\/saltroom.lv\/wp-content\/uploads\/2024\/12\/WhatsApp-Image-2024-12-16-at-14.26.12-768x1024.jpeg\" alt=\"\" class=\"wp-image-414 size-full\" srcset=\"https:\/\/saltroom.lv\/wp-content\/uploads\/2024\/12\/WhatsApp-Image-2024-12-16-at-14.26.12-768x1024.jpeg 768w, https:\/\/saltroom.lv\/wp-content\/uploads\/2024\/12\/WhatsApp-Image-2024-12-16-at-14.26.12-225x300.jpeg 225w, https:\/\/saltroom.lv\/wp-content\/uploads\/2024\/12\/WhatsApp-Image-2024-12-16-at-14.26.12-1152x1536.jpeg 1152w, https:\/\/saltroom.lv\/wp-content\/uploads\/2024\/12\/WhatsApp-Image-2024-12-16-at-14.26.12-1536x2048.jpeg 1536w, https:\/\/saltroom.lv\/wp-content\/uploads\/2024\/12\/WhatsApp-Image-2024-12-16-at-14.26.12-600x800.jpeg 600w, https:\/\/saltroom.lv\/wp-content\/uploads\/2024\/12\/WhatsApp-Image-2024-12-16-at-14.26.12-scaled.jpeg 1920w\" sizes=\"auto, (max-width: 768px) 100vw, 768px\" \/><\/figure><div class=\"wp-block-media-text__content\">\n<p>Ja ir iedegtas svec\u012btes, tad v\u0113ro sve\u010du liesmi\u0146u.<br>\u013bauj sev b\u016bt \u0161eit un tagad.<\/p>\n\n\n\n<p><strong>P\u0113c proced\u016bras:<\/strong><br><strong><br><\/strong>P\u0113c vannas noskalojies ar t\u012bru \u016bdeni un maigi nosusini \u0101du ar dvieli. Uzkl\u0101j dab\u012bgu \u0137erme\u0146a e\u013c\u013cu vai mitrin\u0101t\u0101ju, lai nostiprin\u0101tu proced\u016bras efektu.<br><br>Ietinies m\u012bkst\u0101 hal\u0101t\u0101 un baudi mirkli ar siltu z\u0101\u013cu t\u0113ju \u2013 piem\u0113ram, kumel\u012b\u0161u t\u0113ju vai siltu citron\u016bdeni.<br><br>\u013baujiet vis\u0101m ma\u0146\u0101m v\u0113lreiz apvienoties, lai \u0137ermenis, pr\u0101ts un gars b\u016btu harmonij\u0101.<br>Esiet rado\u0161as, lutiniet sevi, un lai izdodas pab\u016bt mier\u0101!<\/p>\n<\/div><\/div>\n\n\n\n<div style=\"height:46px\" aria-hidden=\"true\" class=\"wp-block-spacer\"><\/div>\n","protected":false},"excerpt":{"rendered":"<p>M\u0101jas SPA ritu\u0101ls, kas ir univers\u0101ls un piem\u0113rots vis\u0101m sezon\u0101m. \u0160\u012b vanna nodro\u0161ina \u0101das mitrin\u0101\u0161anu, baro\u0161anu un atjauno\u0161anu, pal\u012bdz mazin\u0101t [&hellip;]<\/p>\n","protected":false},"author":1,"featured_media":0,"parent":0,"menu_order":0,"comment_status":"closed","ping_status":"closed","template":"","meta":{"site-sidebar-layout":"default","site-content-layout":"","ast-site-content-layout":"","site-content-style":"default","site-sidebar-style":"default","ast-global-header-display":"","ast-banner-title-visibility":"","ast-main-header-display":"","ast-hfb-above-header-display":"","ast-hfb-below-header-display":"","ast-hfb-mobile-header-display":"","site-post-title":"disabled","ast-breadcrumbs-content":"","ast-featured-img":"","footer-sml-layout":"","theme-transparent-header-meta":"","adv-header-id-meta":"","stick-header-meta":"","header-above-stick-meta":"","header-main-stick-meta":"","header-below-stick-meta":"","astra-migrate-meta-layouts":"default","ast-page-background-enabled":"default","ast-page-background-meta":{"desktop":{"background-color":"var(--ast-global-color-4)","background-image":"","background-repeat":"repeat","background-position":"center center","background-size":"auto","background-attachment":"scroll","background-type":"","background-media":"","overlay-type":"","overlay-color":"","overlay-opacity":"","overlay-gradient":""},"tablet":{"background-color":"","background-image":"","background-repeat":"repeat","background-position":"center center","background-size":"auto","background-attachment":"scroll","background-type":"","background-media":"","overlay-type":"","overlay-color":"","overlay-opacity":"","overlay-gradient":""},"mobile":{"background-color":"","background-image":"","background-repeat":"repeat","background-position":"center center","background-size":"auto","background-attachment":"scroll","background-type":"","background-media":"","overlay-type":"","overlay-color":"","overlay-opacity":"","overlay-gradient":""}},"ast-content-background-meta":{"desktop":{"background-color":"var(--ast-global-color-5)","background-image":"","background-repeat":"repeat","background-position":"center center","background-size":"auto","background-attachment":"scroll","background-type":"","background-media":"","overlay-type":"","overlay-color":"","overlay-opacity":"","overlay-gradient":""},"tablet":{"background-color":"var(--ast-global-color-5)","background-image":"","background-repeat":"repeat","background-position":"center center","background-size":"auto","background-attachment":"scroll","background-type":"","background-media":"","overlay-type":"","overlay-color":"","overlay-opacity":"","overlay-gradient":""},"mobile":{"background-color":"var(--ast-global-color-5)","background-image":"","background-repeat":"repeat","background-position":"center center","background-size":"auto","background-attachment":"scroll","background-type":"","background-media":"","overlay-type":"","overlay-color":"","overlay-opacity":"","overlay-gradient":""}},"footnotes":""},"class_list":["post-351","page","type-page","status-publish","hentry"],"_links":{"self":[{"href":"https:\/\/saltroom.lv\/index.php\/wp-json\/wp\/v2\/pages\/351","targetHints":{"allow":["GET"]}}],"collection":[{"href":"https:\/\/saltroom.lv\/index.php\/wp-json\/wp\/v2\/pages"}],"about":[{"href":"https:\/\/saltroom.lv\/index.php\/wp-json\/wp\/v2\/types\/page"}],"author":[{"embeddable":true,"href":"https:\/\/saltroom.lv\/index.php\/wp-json\/wp\/v2\/users\/1"}],"replies":[{"embeddable":true,"href":"https:\/\/saltroom.lv\/index.php\/wp-json\/wp\/v2\/comments?post=351"}],"version-history":[{"count":6,"href":"https:\/\/saltroom.lv\/index.php\/wp-json\/wp\/v2\/pages\/351\/revisions"}],"predecessor-version":[{"id":426,"href":"https:\/\/saltroom.lv\/index.php\/wp-json\/wp\/v2\/pages\/351\/revisions\/426"}],"wp:attachment":[{"href":"https:\/\/saltroom.lv\/index.php\/wp-json\/wp\/v2\/media?parent=351"}],"curies":[{"name":"wp","href":"https:\/\/api.w.org\/{rel}","templated":true}]}}